{"id":32,"date":"2018-10-17T22:40:18","date_gmt":"2018-10-17T19:40:18","guid":{"rendered":"http:\/\/www.psrakastanruokaa.fi\/?page_id=32"},"modified":"2022-10-30T10:05:02","modified_gmt":"2022-10-30T08:05:02","slug":"minusta","status":"publish","type":"page","link":"http:\/\/www.psrakastanruokaa.fi\/?page_id=32","title":{"rendered":"Minusta"},"content":{"rendered":"<p>Olen kahden l\u00e4tk\u00e4\u00e4 pelaavan peruskouluik\u00e4isen pojan \u00e4iti ja matkustan jonkin verran ty\u00f6ni vuoksi. Minulle on poikien syntym\u00e4st\u00e4 asti ollut t\u00e4rke\u00e4\u00e4, ett\u00e4 he sy\u00f6v\u00e4t kotiruokaa. Sy\u00f6mme siis joka p\u00e4iv\u00e4 yhdess\u00e4 aamiaisen ja illallisen. Ruuasta olen ollut kiinnostunut aina. Jo lapsuudenkodissa asuessani ker\u00e4sin reseptej\u00e4. Ennen lapsia kokkailimme mieheni kanssa usein kaksin kotona ja jotkin niist\u00e4 ruuista j\u00e4iv\u00e4t klassikoiksi meid\u00e4n perheeseemme ja kulkevat yh\u00e4\u00a0 mukanamme. Ker\u00e4\u00e4n reseptej\u00e4, tilaan ja luen ruokalehti\u00e4, s\u00e4\u00e4st\u00e4n my\u00f6s Yhteishyv\u00e4n ja Pirkka-lehden reseptej\u00e4 sek\u00e4 ostan ruokakirjoja. Noudatan aina melko tarkkaan ohjeita, muokkailen vain saatavuuden mukaan. Enk\u00e4 k\u00e4yt\u00e4 esimerkiksi inkiv\u00e4\u00e4ri\u00e4 purkista, vaikka ohje k\u00e4skee, vaan k\u00e4yt\u00e4n aina tuoretta. Toivottavasti sin\u00e4 saat innostusta kotona kokkaamiseen n\u00e4ist\u00e4 ohjeista! Laita palautetta, jos sinulla on minulle kysymyksi\u00e4 tai ajatuksia.<\/p>\n<p>P.S Rakastan ruokaa<\/p>\n<p>Johanna<\/p>\n\n\n<figure class=\"wp-block-image\"><img loading=\"lazy\" decoding=\"async\" width=\"727\" height=\"921\" src=\"http:\/\/www.psrakastanruokaa.fi\/wp-content\/uploads\/2018\/12\/Omakuva.jpg\" alt=\"\" class=\"wp-image-759\" srcset=\"http:\/\/www.psrakastanruokaa.fi\/wp-content\/uploads\/2018\/12\/Omakuva.jpg 727w, http:\/\/www.psrakastanruokaa.fi\/wp-content\/uploads\/2018\/12\/Omakuva-237x300.jpg 237w\" sizes=\"auto, (max-width: 727px) 100vw, 727px\" \/><figcaption>Blogisti juhlissa herkkujen \u00e4\u00e4rell\u00e4<\/figcaption><\/figure>\n\n\n\n<figure class=\"wp-block-image\"><img loading=\"lazy\" decoding=\"async\" width=\"1024\" height=\"768\" src=\"http:\/\/www.psrakastanruokaa.fi\/wp-content\/uploads\/2018\/12\/6.5.2017-122-1024x768.jpg\" alt=\"\" class=\"wp-image-804\" srcset=\"http:\/\/www.psrakastanruokaa.fi\/wp-content\/uploads\/2018\/12\/6.5.2017-122.jpg 1024w, http:\/\/www.psrakastanruokaa.fi\/wp-content\/uploads\/2018\/12\/6.5.2017-122-300x225.jpg 300w, http:\/\/www.psrakastanruokaa.fi\/wp-content\/uploads\/2018\/12\/6.5.2017-122-768x576.jpg 768w\" sizes=\"auto, (max-width: 1024px) 100vw, 1024px\" \/><figcaption>P\u00e4\u00e4si\u00e4isp\u00f6yt\u00e4 vuodelta 2017<\/figcaption><\/figure>\n\n\n\n<figure class=\"wp-block-image\"><img loading=\"lazy\" decoding=\"async\" width=\"576\" height=\"768\" src=\"http:\/\/www.psrakastanruokaa.fi\/wp-content\/uploads\/2019\/01\/Omakuva2.jpg\" alt=\"\" class=\"wp-image-1206\" srcset=\"http:\/\/www.psrakastanruokaa.fi\/wp-content\/uploads\/2019\/01\/Omakuva2.jpg 576w, http:\/\/www.psrakastanruokaa.fi\/wp-content\/uploads\/2019\/01\/Omakuva2-225x300.jpg 225w\" sizes=\"auto, (max-width: 576px) 100vw, 576px\" \/><\/figure>\n","protected":false},"excerpt":{"rendered":"<p>Olen kahden l\u00e4tk\u00e4\u00e4 pelaavan peruskouluik\u00e4isen pojan \u00e4iti ja matkustan jonkin verran ty\u00f6ni vuoksi. Minulle on poikien syntym\u00e4st\u00e4 asti ollut t\u00e4rke\u00e4\u00e4, ett\u00e4 he sy\u00f6v\u00e4t kotiruokaa. Sy\u00f6mme siis joka p\u00e4iv\u00e4 yhdess\u00e4 aamiaisen ja illallisen. Ruuasta olen ollut kiinnostunut aina. Jo lapsuudenkodissa asuessani ker\u00e4sin reseptej\u00e4. Ennen lapsia kokkailimme mieheni kanssa usein kaksin kotona ja jotkin niist\u00e4 ruuista j\u00e4iv\u00e4t klassikoiksi meid\u00e4n perheeseemme ja kulkevat yh\u00e4\u00a0 mukanamme. Ker\u00e4\u00e4n reseptej\u00e4, tilaan ja luen ruokalehti\u00e4, s\u00e4\u00e4st\u00e4n my\u00f6s Yhteishyv\u00e4n ja Pirkka-lehden reseptej\u00e4 sek\u00e4 ostan ruokakirjoja. Noudatan aina melko tarkkaan ohjeita, muokkailen vain saatavuuden mukaan. Enk\u00e4 k\u00e4yt\u00e4 esimerkiksi inkiv\u00e4\u00e4ri\u00e4 purkista, vaikka ohje k\u00e4skee, vaan k\u00e4yt\u00e4n aina tuoretta. Toivottavasti sin\u00e4 saat innostusta kotona kokkaamiseen n\u00e4ist\u00e4 ohjeista! Laita palautetta, jos sinulla on minulle kysymyksi\u00e4 tai ajatuksia. P.S Rakastan ruokaa Johanna<\/p>\n","protected":false},"author":1,"featured_media":0,"parent":0,"menu_order":0,"comment_status":"closed","ping_status":"closed","template":"","meta":{"footnotes":""},"class_list":["post-32","page","type-page","status-publish","hentry"],"_links":{"self":[{"href":"http:\/\/www.psrakastanruokaa.fi\/index.php?rest_route=\/wp\/v2\/pages\/32","targetHints":{"allow":["GET"]}}],"collection":[{"href":"http:\/\/www.psrakastanruokaa.fi\/index.php?rest_route=\/wp\/v2\/pages"}],"about":[{"href":"http:\/\/www.psrakastanruokaa.fi\/index.php?rest_route=\/wp\/v2\/types\/page"}],"author":[{"embeddable":true,"href":"http:\/\/www.psrakastanruokaa.fi\/index.php?rest_route=\/wp\/v2\/users\/1"}],"replies":[{"embeddable":true,"href":"http:\/\/www.psrakastanruokaa.fi\/index.php?rest_route=%2Fwp%2Fv2%2Fcomments&post=32"}],"version-history":[{"count":10,"href":"http:\/\/www.psrakastanruokaa.fi\/index.php?rest_route=\/wp\/v2\/pages\/32\/revisions"}],"predecessor-version":[{"id":5974,"href":"http:\/\/www.psrakastanruokaa.fi\/index.php?rest_route=\/wp\/v2\/pages\/32\/revisions\/5974"}],"wp:attachment":[{"href":"http:\/\/www.psrakastanruokaa.fi\/index.php?rest_route=%2Fwp%2Fv2%2Fmedia&parent=32"}],"curies":[{"name":"wp","href":"https:\/\/api.w.org\/{rel}","templated":true}]}}